{"id":3676,"date":"2020-10-01T22:26:09","date_gmt":"2020-10-01T22:26:09","guid":{"rendered":"https:\/\/zirve.dijitaltopuklar.com\/?page_id=3676"},"modified":"2020-10-01T22:26:11","modified_gmt":"2020-10-01T22:26:11","slug":"mesafeli-satis-sozlesmesi","status":"publish","type":"page","link":"https:\/\/zirve2022.dijitaltopuklar.com\/index.php\/mesafeli-satis-sozlesmesi\/","title":{"rendered":"Mesafeli Sat\u0131\u015f S\u00f6zle\u015fmesi"},"content":{"rendered":"\n<p><strong>Dijital Topuklar Sat\u0131\u015f Politikalar\u0131 ve Sat\u0131\u015f S\u00f6zle\u015fmesi<\/strong><\/p>\n\n\n\n<p>6563 say\u0131l\u0131 Elektronik Ticaretin D\u00fczenlenmesi Hakk\u0131nda Kanun\u2019un (\u201cKanun\u201d) 3 \u00fcnc\u00fc maddesi uyar\u0131nca, Dijital Topuklar 2020 Online Zirvesi ile ilgili tan\u0131t\u0131c\u0131 bilgilerin t\u00fcm\u00fc, sitemizin \u201cDijital Topuklar 2020\u201d ba\u015fl\u0131kl\u0131 b\u00f6l\u00fcm\u00fcnde g\u00fcncel \u015fekilde yer almaktad\u0131r. Dijital Topuklar olarak hedefimiz; biletinizi en k\u0131sa s\u00fcrede, en kolay \u015fekilde sat\u0131n alman\u0131z\u0131 sa\u011flamakt\u0131r.&nbsp;<\/p>\n\n\n\n<p>A\u015fa\u011f\u0131daki Sat\u0131\u015f Politikam\u0131z\u0131 ve Sat\u0131\u015f S\u00f6zle\u015fmemizi, m\u00fc\u015fteri olarak sizi memnun k\u0131lacak dijitaltopuklar.com&#8217;daki sat\u0131n al\u0131m s\u00fcreci konusunda sizi bilgilendirecek \u015fekilde tasarlad\u0131k. Bu Sat\u0131\u015f Politikas\u0131 ve S\u00f6zle\u015fmemiz, Kullan\u0131m Ko\u015fullar\u0131m\u0131z\u0131n da bir b\u00f6l\u00fcm\u00fcn\u00fc olu\u015fturur. Web sitemize \u00fcye olarak ve\/veya bilet al\u0131m i\u015flemlerini ger\u00e7ekle\u015ftirerek, Kullan\u0131m Ko\u015fullar\u0131n\u0131, Sat\u0131\u015f Politikas\u0131 ve S\u00f6zle\u015fme h\u00fck\u00fcmlerini ve Gizlilik Beyan\u0131n\u0131 okudu\u011funuzu, anlad\u0131\u011f\u0131n\u0131z\u0131 ve i\u00e7eriklerini aynen kabul etmi\u015f say\u0131laca\u011f\u0131n\u0131z\u0131 belirtir, sat\u0131\u015f politikas\u0131 ve\/veya s\u00f6zle\u015fme h\u00fck\u00fcmlerinin aksine bir talebinizin ya da \u015fikayetinizin olmas\u0131 durumunda, herhangi bir bilet al\u0131m i\u015flemi ger\u00e7ekle\u015ftirmeden ve sipari\u015finizi onaylamadan \u00f6nce, Yard\u0131m sayfas\u0131n\u0131 ziyaret etmenizi ve\/veya bizimle sitemizde belirtilen e-posta adresinden ileti\u015fime ge\u00e7menizi \u00f6neririz. Sitemizden bilet sat\u0131n alarak ve sipari\u015finizi onaylayarak, i\u015fbu S\u00f6zle\u015fme h\u00fck\u00fcmlerine ba\u011fl\u0131 oldu\u011funuzu kabul etmektesiniz. Dolay\u0131s\u0131 ile sitemizden bilet sat\u0131n ald\u0131\u011f\u0131n\u0131zda, etkinlik biletleri ile ilgili t\u00fcm s\u00fcrece, prosed\u00fcrlere ve i\u015flemlere a\u015fa\u011f\u0131da yer alan S\u00f6zle\u015fme h\u00fck\u00fcmlerinin aynen uygulanaca\u011f\u0131n\u0131 \u00f6nemle belirtiriz.<br><br>Ayr\u0131ca, sipari\u015finizi onaylayarak; bileti sat\u0131n almadan \u00f6nce; a) firmam\u0131z ile ilgili gerekli t\u00fcm bilgileri ve ileti\u015fim adreslerini b) sat\u0131n ald\u0131\u011f\u0131n\u0131z bilete ve hizmete ili\u015fkin t\u00fcm \u00f6zellikleri ve ayr\u0131ca t\u00fcm vergiler dahil toplam bilet\/hizmet fiyat\u0131n\u0131 ve varsa t\u00fcm ek masraflar\u0131 c) \u00d6deme, teslimat, ifaya ili\u015fkin bilgileri ve \u015fikayetlere ili\u015fkin s\u00f6zle\u015fmede d\u00fczenlenen \u00e7\u00f6z\u00fcm y\u00f6ntemlerini d) uyu\u015fmazl\u0131k konusunda ba\u015fvurular\u0131n\u0131z\u0131 T\u00fcketici Mahkemesine veya T\u00fcketici Hakem Heyetine yapabilece\u011finize dair s\u00f6zle\u015fmesel bilgileri e) Mesafeli S\u00f6zle\u015fmeler Y\u00f6netmeli\u011fi\u2019nin 10. maddesine istinaden cayma hakk\u0131n\u0131z\u0131n olmad\u0131\u011f\u0131n\u0131 ve neticeten s\u00f6zle\u015fmede d\u00fczenlenen t\u00fcm h\u00fck\u00fcmleri bildi\u011finizi yaz\u0131l\u0131 olarak kabul, beyan ve taahh\u00fct etmektesiniz. Sipari\u015flerinizi onaylamadan \u00f6nce, sizlerden onay\u0131n\u0131z kapsam\u0131nda, yaz\u0131l\u0131 \u015fekilde \u00f6n bilgilendirme onay\u0131 al\u0131nd\u0131\u011f\u0131n\u0131 ve \u00f6n bilgilendirme onay\u0131n\u0131n i\u015fbu S\u00f6zle\u015fmenin ayr\u0131lmaz bir par\u00e7as\u0131 oldu\u011funu ayr\u0131ca ve \u00f6nemle vurgular\u0131z. \u0130laveten, i\u015fbu s\u00f6zle\u015fme ve \u00f6n onay ile \u201cbilet sat\u0131n alma sipari\u015finizin onaylanmas\u0131 durumunda \u00f6deme y\u00fck\u00fcml\u00fcl\u00fc\u011f\u00fc alt\u0131na girece\u011finiz\u201d konusunda a\u00e7\u0131k ve anla\u015f\u0131l\u0131r \u015fekilde bilgilendirildi\u011finizi de \u00f6nemle bilmenizi isteriz.<\/p>\n\n\n\n<p><strong>Bilet ile \u0130lgili \u015eart ve Ko\u015fullar<\/strong><\/p>\n\n\n\n<p>1. Dijital Topuklar, biletini sat\u0131n ald\u0131\u011f\u0131n\u0131z etkinli\u011fi d\u00fczenleyen olarak bilet satar ve bilet ba\u015f\u0131na hizmet bedeli al\u0131r, bilet fiyatlar\u0131n\u0131 belirleme konusunda hak ve yetkiye sahiptir. Bileti sat\u0131n alan ki\u015fi, sat\u0131n ald\u0131\u011f\u0131 bileti hi\u00e7bir ticari ama\u00e7 g\u00fctmeksizin, m\u00fcnhas\u0131ran \u015fahsi kullan\u0131m\u0131 i\u00e7in sat\u0131n ald\u0131\u011f\u0131n\u0131, Etkinlik Organizat\u00f6r\u00fc veya temsilcileri taraf\u0131ndan a\u00e7\u0131k\u00e7a yaz\u0131l\u0131 izin verilmesi haricinde, bileti, hi\u00e7bir ticari i\u015f veya faaliyet i\u00e7in kullanmayaca\u011f\u0131n\u0131 beyan ve taahh\u00fct eder. \u00d6rnek vermek gerekirse, sat\u0131n al\u0131nan bilet, \u00fc\u00e7\u00fcnc\u00fc ki\u015filere her ne \u015fekilde olursa olsun sat\u0131lamaz, biletin ilave \u00fccretle ya da ba\u015fka \u015fekilde sat\u0131\u015f\u0131 teklif edilemez; sat\u0131n al\u0131nan bilet, reklam, yar\u0131\u015fma ve \u00e7ekili\u015fler de dahil olmak ancak bunlarla s\u0131n\u0131rl\u0131 olmamak \u00fczere promosyon veya di\u011fer ticari ama\u00e7larla kullan\u0131lamaz.<\/p>\n\n\n\n<p>2. Etkinlikler i\u00e7in ki\u015fi ba\u015f\u0131 maksimum bilet adedini Dijital Topuklar belirler.&nbsp;<\/p>\n\n\n\n<p>3. Online biletlerinizin kontrol ve muhafaza y\u00fck\u00fcml\u00fc\u011f\u00fc size aittir.<\/p>\n\n\n\n<p>4. Dijital Topuklar \u00e7e\u015fitli sebeplerle etkinli\u011fi iptal edebilir veya tarihini de\u011fi\u015ftirebilir . Bu durumda uygulanacak prosed\u00fcr\u00fc Dijital Topuklar belirler ve duyurur. \u0130lgili etkinli\u011fin iptal edilip edilmedi\u011fi ile tarihi de\u011fi\u015ftirilmi\u015f bir etkinli\u011fin yeni tarihi ve saati konular\u0131nda yap\u0131lan duyurulardan bilgi sahibi olma sorumlulu\u011fu size aittir.&nbsp;<\/p>\n\n\n\n<p>6. Kural olarak, t\u00fcm bilet sat\u0131\u015flar\u0131 kesindir. Mesafeli S\u00f6zle\u015fmeler Y\u00f6netmeli\u011fi\u2019nin 10. maddesine istinaden sat\u0131n ald\u0131\u011f\u0131n\u0131z biletlere dair cayma hakk\u0131n\u0131z bulunmamaktad\u0131r. Sat\u0131lan biletlerin herhangi bir \u015fekilde kaybolmas\u0131 ya da imha olmas\u0131 durumunda, bilet de\u011fi\u015ftirme\/yeni bilet iletme ya da para iadesi yap\u0131lmaz. Etkinli\u011fin iptal edilmesi haricinde, sat\u0131lan biletler, sat\u0131\u015f i\u015flemi sonras\u0131nda hi\u00e7bir \u015fekilde iptal edilmez, de\u011fi\u015ftirilmez ve \u00fccret iadesi yap\u0131lmaz.\u00dccret iade tutarlar\u0131, sat\u0131n al\u0131nan biletin \u00fczerinde yaz\u0131l\u0131 \u00fccret iadesi ile s\u0131n\u0131rl\u0131 olup, sair ba\u015fkaca bir bedelin talebi m\u00fcmk\u00fcn de\u011fildir. Bununla birlikte, etkinli\u011fin iptali veya ertelenmesi durumunda, Dijital Topuklar geri \u00f6deme \u015fartlar\u0131 konusunda baz\u0131 s\u0131n\u0131rland\u0131rmalar getirebilme hakk\u0131na sahip oldu\u011fu gibi, programda de\u011fi\u015fiklik yapma hakk\u0131na da sahiptir. Geri \u00f6demeler konusunda Dijital Topuklar\u2019\u0131n&nbsp; belirledi\u011fi son iade talebi tarihlerine ve di\u011fer talimatlara uyulmas\u0131 sizin sorumlulu\u011funuzdad\u0131r. Dijital Topuklar taraf\u0131ndan belirlenen iade tarihleri d\u0131\u015f\u0131nda bilet ve\/veya bedel iadesi yap\u0131lamaz.&nbsp;<\/p>\n\n\n\n<p>7. Biletler ve\/veya biletin sat\u0131n al\u0131nmas\u0131 \u015fartlar\u0131, Dijital Topuklar online etkinlik kurallar\u0131na g\u00f6re d\u00fczenlenmi\u015ftir. Bu kural ve d\u00fczenlemelerden herhangi birini ihlal etmeniz ya da hasara, rahats\u0131zl\u0131\u011fa yol a\u00e7man\u0131z, hukuka ayk\u0131r\u0131 ve\/veya su\u00e7 te\u015fkil edebilecek davran\u0131\u015flar sergilemeniz durumunda, Dijital Topuklar sizi online etkinlikten \u00e7\u0131karma ya da almama hakk\u0131na sahiptir. Ayr\u0131ca, g\u00fcvenlik gerek\u00e7esi ile ya da ba\u015fkaca nedenlere istinaden, ki\u015fisel bilgileri bulunmayan m\u00fc\u015fterilere bilet sat\u0131\u015f\u0131 yap\u0131lmas\u0131n\u0131 reddetme hakk\u0131na sahiptir. Dolay\u0131s\u0131 ile ki\u015fisel bilgilerinizin payla\u015f\u0131lmas\u0131n\u0131 istemez iseniz, Dijital Topuklar&#8217;\u0131n size bilet sat\u0131\u015f\u0131 yap\u0131lmas\u0131n\u0131 reddetme hakk\u0131 bulundu\u011fundan, sipari\u015fi tamamlamadan ve bileti sat\u0131n almadan \u00f6nce, i\u015fbu s\u00f6zle\u015fmenin ayr\u0131lmaz bir par\u00e7as\u0131 olan \u201cGizlilik Beyan\u0131n\u0131\u201d dikkatlice okuman\u0131z gerekmektedir.&nbsp;<\/p>\n\n\n\n<p>8. Etkinli\u011fe ge\u00e7 kal\u0131rsan\u0131z, Dijital Topuklar\u2019\u0131n belirledi\u011fi kural ve d\u00fczenlemelere ba\u011fl\u0131 olarak etkinli\u011fe kat\u0131labilirsiniz.<\/p>\n\n\n\n<p>9. Dijital Topuklar 2020 online zirvesinin kat\u0131l\u0131mc\u0131lar taraf\u0131ndan tamam\u0131yla veya bir k\u0131sm\u0131n\u0131n kayd\u0131n\u0131n al\u0131nmas\u0131 yasakt\u0131r.<\/p>\n\n\n\n<p>10. Dijital Topuklar, sat\u0131\u015f sitesinde yaz\u0131l\u0131 bedel ve ilgili hizmet bedeli d\u0131\u015f\u0131nda, biletlere\/ bilet sat\u0131\u015flar\u0131na ve\/veya etkinliklere ili\u015fkin olarak ba\u015fkaca hi\u00e7bir y\u00fck\u00fcml\u00fcl\u00fck, taahh\u00fct ve sorumluluk alt\u0131nda de\u011fildir. Siz, Dijital Topuklar\u2019\u0131n sorumlulu\u011funun bu madde ile s\u0131n\u0131rl\u0131 oldu\u011funu ve her ne nam ad\u0131 alt\u0131nda olursa olsun, i\u015fbu maddedeki sorumluluk limiti d\u0131\u015f\u0131nda, Dijital Topuklar&#8217;\u0131 sorumlu kabul etmeyece\u011finizi \u00f6nceden kabul, beyan ve taahh\u00fct etmi\u015f say\u0131l\u0131rs\u0131n\u0131z.<\/p>\n\n\n\n<p>11. S\u00f6zle\u015fme kapsam\u0131ndaki ticari elektronik iletiler, \u00f6nceden onaylar\u0131n\u0131z al\u0131nmak kayd\u0131yla sizlere g\u00f6nderilebilir. Kendinizle ileti\u015fime ge\u00e7ilmesi amac\u0131yla ileti\u015fim bilgilerini vermeniz h\u00e2linde, temin edilen hizmetlere ili\u015fkin de\u011fi\u015fikliklere ve\/veya kullan\u0131ma y\u00f6nelik ticari elektronik iletiler i\u00e7in ayr\u0131ca onay al\u0131nmayaca\u011f\u0131n\u0131 da belirtiriz.<br>Ayr\u0131ca, hizmetin sa\u011flanmas\u0131 s\u0131ras\u0131nda, bu t\u00fcr haberle\u015fmenin yap\u0131laca\u011f\u0131na dair sizlerin bilgilendirilerek ve size reddetme imk\u00e2n\u0131 sa\u011flanarak ileti\u015fim bilgilerinizin edinilmi\u015f olmas\u0131 h\u00e2linde, \u00f6nceden izniniz al\u0131nmaks\u0131z\u0131n ayn\u0131 veya benzer hizmetlerle ilgili pazarlama, tan\u0131t\u0131m ve\/veya de\u011fi\u015fiklik hizmetleri i\u00e7in haberle\u015fme yap\u0131labilmesi de hukuken m\u00fcmk\u00fcnd\u00fcr. Bununla birlikte, bu t\u00fcr haberle\u015fme yap\u0131lmas\u0131n\u0131 reddetme ve bu kapsamda verdi\u011finiz izinleri geri alma hakk\u0131n\u0131z sakl\u0131d\u0131r ve bu talebinizin taraf\u0131m\u0131za yaz\u0131l\u0131 olarak iletilmesi yeterlidir.<\/p>\n\n\n\n<p>12. \u0130\u015fbu s\u00f6zle\u015fme metni, s\u00f6zle\u015fmenin kurulmas\u0131ndan sonra, Dijital Topuklar datalar\u0131 taraf\u0131ndan saklanmakta olup, bu s\u00f6zle\u015fmeye, revize tarihleri itibariyle sitemizden eri\u015febilirsiniz. Dilerseniz, s\u00f6zle\u015fmenin \u00e7\u0131kt\u0131s\u0131n\u0131 almak suretiyle, fiziki kopyas\u0131na da kolayca eri\u015febilirsiniz. Dolay\u0131s\u0131 ile s\u00f6zle\u015fme h\u00fck\u00fcmlerinin ve genel i\u015flem \u015fartlar\u0131n\u0131n sizler taraf\u0131ndan kolayca sa\u011flanmas\u0131na ve saklanmas\u0131na imkan sa\u011fland\u0131\u011f\u0131n\u0131 bilmenizi isteriz. S\u00f6zle\u015fmeye eri\u015fiminiz, sitemize eri\u015fimin sa\u011flanmas\u0131 ile do\u011fru orant\u0131l\u0131 olacak \u015fekilde devam edecektir.<\/p>\n\n\n\n<p>13. Sitemizin kullan\u0131m\u0131na ve i\u015fbu s\u00f6zle\u015fmeye dair gizlilik kurallar\u0131, \u201cGizlilik Beyan\u0131\u201d k\u0131sm\u0131nda detayl\u0131 \u015fekilde belirtilmi\u015ftir. Bu kapsamda, Gizlilik Beyan\u0131 h\u00fck\u00fcmlerini dikkatlice okuman\u0131z\u0131, incelemenizi ve farkl\u0131 talepleriniz var ise taraf\u0131m\u0131za bildirmeniz gerekece\u011fini bilgilerinize sunar\u0131z. Gizlilik Beyan\u0131, i\u015fbu S\u00f6zle\u015fmenin eki ve ayr\u0131lmaz bir par\u00e7as\u0131 olup, S\u00f6zle\u015fme ile birlikte aynen uygulanacak ve h\u00fck\u00fcm ifade edecektir. Dolay\u0131s\u0131 ile i\u015fbu S\u00f6zle\u015fmeyi ve\/veya sipari\u015fi onaylayarak, Gizlilik Beyan\u0131 h\u00fck\u00fcmlerini de kabul etmi\u015f say\u0131laca\u011f\u0131n\u0131z\u0131 \u00f6nemle belirtiriz.<\/p>\n\n\n\n<p>14. Sipari\u015fin onaylanmas\u0131 a\u015famas\u0131nda ve \u00f6deme bilgilerinin girilmesinden \u00f6nce, \u00f6deyece\u011finiz toplam bedel de d\u00e2hil olmak \u00fczere, s\u00f6zle\u015fmenin t\u00fcm \u015fartlar\u0131 sizler taraf\u0131ndan a\u00e7\u0131k\u00e7a g\u00f6r\u00fclmektedir. Dolay\u0131s\u0131 ile bileti sat\u0131n alarak ve sipari\u015fi onaylayarak, i\u015fbu s\u00f6zle\u015fme h\u00fck\u00fcmlerini aynen kabul etmi\u015f say\u0131laca\u011f\u0131n\u0131z\u0131 yineler, sipari\u015fi onaylamadan \u00f6nce t\u00fcm s\u00f6zle\u015fme h\u00fck\u00fcmlerini dikkatlice incelemeniz gerekti\u011fini bir kez daha hat\u0131rlat\u0131r\u0131z.<\/p>\n\n\n\n<p>15. Dijital Topuklar, sizlerle ilgili elde edilen ki\u015fisel verilerin saklanmas\u0131ndan ve g\u00fcvenli\u011finden sorumludur. Ayr\u0131ca, ki\u015fisel verilerinizin sizlerin onay\u0131 olmaks\u0131z\u0131n, \u00fc\u00e7\u00fcnc\u00fc ki\u015filere iletilemeyece\u011fi ve sizlere bildirilen ama\u00e7lar d\u0131\u015f\u0131nda ba\u015fka ama\u00e7larla kullan\u0131lamayaca\u011f\u0131n\u0131 da belirtiriz. Ayr\u0131ca, ki\u015fisel verilerinizin muhafazas\u0131na ve kullan\u0131m\u0131na dair detayl\u0131 bilgilerin t\u00fcm\u00fcne, Sitemizin, \u201cGizlilik Beyan\u0131\u201d b\u00f6l\u00fcm\u00fcnden ula\u015fabilece\u011finizi belirtir, Gizlilik Beyan\u0131\u2019n\u0131n i\u015fbu S\u00f6zle\u015fmenin eki ve ayr\u0131lmaz bir par\u00e7as\u0131 oldu\u011funu yineleriz.<br>16. Bu \u015fart ve ko\u015fullar\u0131n tamam\u0131 T\u00fcrk Hukukuna tabidir. Dijital Topuklar; biletinizi sat\u0131n almadan \u00f6nce s\u00f6zle\u015fme h\u00fck\u00fcmleri ve i\u00e7eri\u011fi konusunda, t\u00fcm t\u00fcketicileri \u00f6nceden bilgilendirmi\u015f olup, bileti sat\u0131n alarak ve sipari\u015fi onaylayarak, i\u015fbu s\u00f6zle\u015fmenin d\u00fczenlemeleri hakk\u0131nda taraf\u0131n\u0131za \u00f6n bilgilendirme yap\u0131ld\u0131\u011f\u0131n\u0131 da kabul etmi\u015f say\u0131laca\u011f\u0131n\u0131z\u0131 ve bu maddenin yaz\u0131l\u0131 delil vasf\u0131nda ispat vas\u0131tas\u0131 oldu\u011funu da belirtiriz.<br>\u0130\u015fbu S\u00f6zle\u015fmeden ve\/veya hizmet ya da bilet sat\u0131n alma i\u015flemlerinden dolay\u0131 herhangi bir ihtilaf\u0131n do\u011fmas\u0131 durumunda, uyu\u015fmazl\u0131\u011f\u0131 \u00f6ncelikle sulhen gidermeye \u00e7al\u0131\u015fmak temel hedefimizdir. Buna kar\u015f\u0131n, sulh ile \u00e7\u00f6z\u00fclemeyen durumlarda, sitemizden bilet sat\u0131n alan siz t\u00fcketicilerin, olas\u0131 sorunlar\u0131n\u0131 ilgili mevzuatta yay\u0131mlanan parasal s\u0131n\u0131rlar \u00e7er\u00e7evesinde T\u00fcketici Hakem Heyetlerine ve\/veya T\u00fcketici Mahkemelerine g\u00f6t\u00fcrebilece\u011fini bilmenizi isteriz. Ayr\u0131ca, s\u00f6zle\u015fmeden kaynakl\u0131 t\u00fcm uyu\u015fmazl\u0131klarda \u0130stanbul Mahkemeleri ve \u0130cra Dairelerinin m\u00fcnhas\u0131ran yetkili olaca\u011f\u0131n\u0131 ve i\u015fbu h\u00fckm\u00fcn, \u201cyetki s\u00f6zle\u015fme\u201d mahiyetinde bir h\u00fck\u00fcm oldu\u011funu da belirtiriz.<\/p>\n","protected":false},"excerpt":{"rendered":"<p>Dijital Topuklar Sat\u0131\u015f Politikalar\u0131 ve Sat\u0131\u015f S\u00f6zle\u015fmesi 6563 say\u0131l\u0131 Elektronik Ticaretin D\u00fczenlenmesi Hakk\u0131nda Kanun\u2019un (\u201cKanun\u201d) 3 \u00fcnc\u00fc maddesi uyar\u0131nca, Dijital Topuklar 2020 Online Zirvesi ile ilgili tan\u0131t\u0131c\u0131 bilgilerin t\u00fcm\u00fc, sitemizin \u201cDijital Topuklar 2020\u201d ba\u015fl\u0131kl\u0131 b\u00f6l\u00fcm\u00fcnde g\u00fcncel \u015fekilde yer almaktad\u0131r. Dijital Topuklar olarak hedefimiz; biletinizi en k\u0131sa s\u00fcrede, en kolay \u015fekilde sat\u0131n alman\u0131z\u0131 sa\u011flamakt\u0131r.&nbsp; A\u015fa\u011f\u0131daki Sat\u0131\u015f&#8230;<\/p>\n","protected":false},"author":1,"featured_media":0,"parent":0,"menu_order":0,"comment_status":"closed","ping_status":"closed","template":"","meta":[],"_links":{"self":[{"href":"https:\/\/zirve2022.dijitaltopuklar.com\/index.php\/wp-json\/wp\/v2\/pages\/3676"}],"collection":[{"href":"https:\/\/zirve2022.dijitaltopuklar.com\/index.php\/wp-json\/wp\/v2\/pages"}],"about":[{"href":"https:\/\/zirve2022.dijitaltopuklar.com\/index.php\/wp-json\/wp\/v2\/types\/page"}],"author":[{"embeddable":true,"href":"https:\/\/zirve2022.dijitaltopuklar.com\/index.php\/wp-json\/wp\/v2\/users\/1"}],"replies":[{"embeddable":true,"href":"https:\/\/zirve2022.dijitaltopuklar.com\/index.php\/wp-json\/wp\/v2\/comments?post=3676"}],"version-history":[{"count":1,"href":"https:\/\/zirve2022.dijitaltopuklar.com\/index.php\/wp-json\/wp\/v2\/pages\/3676\/revisions"}],"predecessor-version":[{"id":3677,"href":"https:\/\/zirve2022.dijitaltopuklar.com\/index.php\/wp-json\/wp\/v2\/pages\/3676\/revisions\/3677"}],"wp:attachment":[{"href":"https:\/\/zirve2022.dijitaltopuklar.com\/index.php\/wp-json\/wp\/v2\/media?parent=3676"}],"curies":[{"name":"wp","href":"https:\/\/api.w.org\/{rel}","templated":true}]}}