{"id":525,"date":"2015-05-04T16:01:07","date_gmt":"2015-05-04T16:01:07","guid":{"rendered":"http:\/\/demowp.cththemes.net\/gatherv2\/?page_id=525"},"modified":"2021-10-22T18:41:13","modified_gmt":"2021-10-22T18:41:13","slug":"home-slider","status":"publish","type":"page","link":"https:\/\/zirve2022.dijitaltopuklar.com\/","title":{"rendered":"Anasayfa"},"content":{"rendered":"<p>[vc_row full_height=&#8221;yes&#8221; el_id=&#8221;top&#8221; css=&#8221;.vc_custom_1631804213436{background-image: url(https:\/\/zirve2022.dijitaltopuklar.com\/wp-content\/uploads\/2021\/09\/Copy-of-DT2021.png?id=4099) !important;background-position: center !important;background-repeat: no-repeat !important;background-size: cover !important;}&#8221;][vc_column][\/vc_column][\/vc_row][vc_row cth_layout=&#8221;gather_sec&#8221; css=&#8221;.vc_custom_1438967681859{padding-top: 30px !important;padding-bottom: 30px !important;background-color: #f1f1f1 !important;}&#8221;][vc_column][vc_column_text]<\/p>\n<p class=\"lead text-center\"><strong>#sahip\u00e7\u0131k<\/strong><\/p>\n<p>[\/vc_column_text][vc_btn title=&#8221;2020 zirvesi i\u00e7in t\u0131klay\u0131n\u0131z&#8221; style=&#8221;flat&#8221; color=&#8221;violet&#8221; align=&#8221;center&#8221; link=&#8221;url:https%3A%2F%2Fzirve2020.dijitaltopuklar.com|title:2020%20zirvesi%20i%C3%A7in%20t%C4%B1klay%C4%B1n%C4%B1z|target:_blank&#8221; css=&#8221;.vc_custom_1631804359692{margin-top: 30px !important;}&#8221;][\/vc_column][\/vc_row][vc_row cth_layout=&#8221;gather_sec&#8221;][vc_column][vc_column_text]<img loading=\"lazy\" class=\"alignnone wp-image-4168 size-large\" src=\"https:\/\/zirve2022.dijitaltopuklar.com\/wp-content\/uploads\/2021\/10\/sahipcik-1024x576.png\" alt=\"\" width=\"1024\" height=\"576\" srcset=\"https:\/\/zirve2022.dijitaltopuklar.com\/wp-content\/uploads\/2021\/10\/sahipcik-1024x576.png 1024w, https:\/\/zirve2022.dijitaltopuklar.com\/wp-content\/uploads\/2021\/10\/sahipcik-300x169.png 300w, https:\/\/zirve2022.dijitaltopuklar.com\/wp-content\/uploads\/2021\/10\/sahipcik-768x432.png 768w, https:\/\/zirve2022.dijitaltopuklar.com\/wp-content\/uploads\/2021\/10\/sahipcik-600x338.png 600w, https:\/\/zirve2022.dijitaltopuklar.com\/wp-content\/uploads\/2021\/10\/sahipcik.png 1375w\" sizes=\"(max-width: 1024px) 100vw, 1024px\" \/>[\/vc_column_text][\/vc_column][\/vc_row][vc_row gap=&#8221;35&#8243; cth_layout=&#8221;gather_sec&#8221; el_id=&#8221;pricing&#8221;][vc_column][vc_column_text css=&#8221;.vc_custom_1634720792744{margin-bottom: 20px !important;padding-bottom: 20px !important;}&#8221;]<\/p>\n<div class=\"section-title\">\n<h4>B\u0130LETLER<\/h4>\n<\/div>\n<p>[\/vc_column_text][product_page id=&#8221;2561&#8243;][product_page id=&#8221;4221&#8243;][product_page id=&#8221;4243&#8243;][\/vc_column][\/vc_row][vc_row cth_layout=&#8221;gather_sec&#8221; el_id=&#8221;speakers&#8221;][vc_column][vc_column_text]<\/p>\n<div class=\"section-title wow fadeInUp\">\n<h4>Konu\u015fmac\u0131lar<\/h4>\n<\/div>\n<p>[\/vc_column_text][\/vc_column][\/vc_row][vc_row cth_layout=&#8221;gather_sec&#8221; el_id=&#8221;speakers&#8221;][vc_column][cth_speakers_cpt count=&#8221;20&#8243; slidestoshow=&#8221;8&#8243; autoplay=&#8221;true&#8221;][\/vc_column][\/vc_row][vc_row cth_layout=&#8221;gather_sec&#8221; el_id=&#8221;schedule&#8221; css=&#8221;.vc_custom_1600380274658{padding-bottom: 30px !important;}&#8221;][vc_column][vc_column_text]<\/p>\n<div class=\"section-title wow fadeInUp\">\n<h4>Program<\/h4>\n<\/div>\n<p>[\/vc_column_text][\/vc_column][\/vc_row][vc_row gap=&#8221;35&#8243; cth_layout=&#8221;gather_sec&#8221;][vc_column css=&#8221;.vc_custom_1603543938807{margin-top: 15px !important;margin-bottom: 15px !important;}&#8221;][cth_schedules cat_order_by=&#8221;id&#8221;][\/vc_column][\/vc_row][vc_row cth_layout=&#8221;gather_sec&#8221;][vc_column][vc_column_text]<img loading=\"lazy\" class=\"alignnone wp-image-4173 size-large\" src=\"https:\/\/zirve2022.dijitaltopuklar.com\/wp-content\/uploads\/2021\/10\/Katilimcilar-1024x570.png\" alt=\"\" width=\"1024\" height=\"570\" srcset=\"https:\/\/zirve2022.dijitaltopuklar.com\/wp-content\/uploads\/2021\/10\/Katilimcilar-1024x570.png 1024w, https:\/\/zirve2022.dijitaltopuklar.com\/wp-content\/uploads\/2021\/10\/Katilimcilar-300x167.png 300w, https:\/\/zirve2022.dijitaltopuklar.com\/wp-content\/uploads\/2021\/10\/Katilimcilar-768x428.png 768w, https:\/\/zirve2022.dijitaltopuklar.com\/wp-content\/uploads\/2021\/10\/Katilimcilar-600x334.png 600w, https:\/\/zirve2022.dijitaltopuklar.com\/wp-content\/uploads\/2021\/10\/Katilimcilar.png 1374w\" sizes=\"(max-width: 1024px) 100vw, 1024px\" \/>[\/vc_column_text][\/vc_column][\/vc_row][vc_row cth_layout=&#8221;gather_sec&#8221; el_id=&#8221;pricing&#8221;][vc_column][vc_column_text]<\/p>\n<h3 style=\"text-align: center;\">SPONSORLAR<\/h3>\n<p>[\/vc_column_text][vc_column_text]<\/p>\n<h3 style=\"text-align: center;\">DESTEK\u00c7\u0130LER<\/h3>\n<p>[\/vc_column_text][\/vc_column][\/vc_row][vc_row cth_layout=&#8221;gather_sec&#8221; el_id=&#8221;gallery&#8221;][vc_column][vc_column_text]<\/p>\n<div class=\"section-title\">\n<h4>GALER\u0130<\/h4>\n<p>Ge\u00e7mi\u015f Dijital Topuklar&#8217;dan kareler&#8230;<\/p><\/div>\n<p>[\/vc_column_text][gather_images_gallery galleryimgs=&#8221;4100,4101,4102,4103,4104,4105,4106,4107,4108,4109,4110,4111,4112,4113,4114,4115,4116,4117,4119,4121,4122,4123,4124,4125,4126,4127,4128,4129,4130,4131,4132,4133,4134,4135,4136,4137,4138&#8243; loaded=&#8221;50&#8243; show_loadmore=&#8221;no&#8221; filter_list=&#8221;Foto\u011fraflar|Videolar&#8221; el_class=&#8221;wow fadeIn&#8221; css=&#8221;.vc_custom_1631808360328{margin-bottom: 50px !important;}&#8221;][\/vc_column][\/vc_row]<\/p>\n","protected":false},"excerpt":{"rendered":"<p>[vc_row full_height=&#8221;yes&#8221; el_id=&#8221;top&#8221; css=&#8221;.vc_custom_1631804213436{background-image: url(https:\/\/zirve2022.dijitaltopuklar.com\/wp-content\/uploads\/2021\/09\/Copy-of-DT2021.png?id=4099) !important;background-position: center !important;background-repeat: no-repeat !important;background-size: cover !important;}&#8221;][vc_column][\/vc_column][\/vc_row][vc_row cth_layout=&#8221;gather_sec&#8221; css=&#8221;.vc_custom_1438967681859{padding-top: 30px !important;padding-bottom: 30px !important;background-color: #f1f1f1 !important;}&#8221;][vc_column][vc_column_text] #sahip\u00e7\u0131k [\/vc_column_text][vc_btn title=&#8221;2020 zirvesi i\u00e7in t\u0131klay\u0131n\u0131z&#8221; style=&#8221;flat&#8221; color=&#8221;violet&#8221; align=&#8221;center&#8221; link=&#8221;url:https%3A%2F%2Fzirve2020.dijitaltopuklar.com|title:2020%20zirvesi%20i%C3%A7in%20t%C4%B1klay%C4%B1n%C4%B1z|target:_blank&#8221; css=&#8221;.vc_custom_1631804359692{margin-top: 30px !important;}&#8221;][\/vc_column][\/vc_row][vc_row cth_layout=&#8221;gather_sec&#8221;][vc_column][vc_column_text][\/vc_column_text][\/vc_column][\/vc_row][vc_row gap=&#8221;35&#8243; cth_layout=&#8221;gather_sec&#8221; el_id=&#8221;pricing&#8221;][vc_column][vc_column_text css=&#8221;.vc_custom_1634720792744{margin-bottom: 20px !important;padding-bottom: 20px !important;}&#8221;] B\u0130LETLER [\/vc_column_text][product_page id=&#8221;2561&#8243;][product_page id=&#8221;4221&#8243;][product_page id=&#8221;4243&#8243;][\/vc_column][\/vc_row][vc_row cth_layout=&#8221;gather_sec&#8221; el_id=&#8221;speakers&#8221;][vc_column][vc_column_text] Konu\u015fmac\u0131lar [\/vc_column_text][\/vc_column][\/vc_row][vc_row cth_layout=&#8221;gather_sec&#8221; el_id=&#8221;speakers&#8221;][vc_column][cth_speakers_cpt count=&#8221;20&#8243; slidestoshow=&#8221;8&#8243;&#8230;<\/p>\n","protected":false},"author":1,"featured_media":0,"parent":0,"menu_order":0,"comment_status":"open","ping_status":"closed","template":"homepage-onepage.php","meta":[],"_links":{"self":[{"href":"https:\/\/zirve2022.dijitaltopuklar.com\/index.php\/wp-json\/wp\/v2\/pages\/525"}],"collection":[{"href":"https:\/\/zirve2022.dijitaltopuklar.com\/index.php\/wp-json\/wp\/v2\/pages"}],"about":[{"href":"https:\/\/zirve2022.dijitaltopuklar.com\/index.php\/wp-json\/wp\/v2\/types\/page"}],"author":[{"embeddable":true,"href":"https:\/\/zirve2022.dijitaltopuklar.com\/index.php\/wp-json\/wp\/v2\/users\/1"}],"replies":[{"embeddable":true,"href":"https:\/\/zirve2022.dijitaltopuklar.com\/index.php\/wp-json\/wp\/v2\/comments?post=525"}],"version-history":[{"count":113,"href":"https:\/\/zirve2022.dijitaltopuklar.com\/index.php\/wp-json\/wp\/v2\/pages\/525\/revisions"}],"predecessor-version":[{"id":4245,"href":"https:\/\/zirve2022.dijitaltopuklar.com\/index.php\/wp-json\/wp\/v2\/pages\/525\/revisions\/4245"}],"wp:attachment":[{"href":"https:\/\/zirve2022.dijitaltopuklar.com\/index.php\/wp-json\/wp\/v2\/media?parent=525"}],"curies":[{"name":"wp","href":"https:\/\/api.w.org\/{rel}","templated":true}]}}